{"id":452,"date":"2024-06-27T10:07:23","date_gmt":"2024-06-27T08:07:23","guid":{"rendered":"https:\/\/presse.allergosan.com\/de-at\/?page_id=452"},"modified":"2025-08-27T16:30:39","modified_gmt":"2025-08-27T14:30:39","slug":"treuepass","status":"publish","type":"page","link":"https:\/\/presse.allergosan.com\/de-de\/treuepass\/","title":{"rendered":"Treuepass"},"content":{"rendered":"\t\t<div data-elementor-type=\"wp-page\" data-elementor-id=\"452\" class=\"elementor elementor-452\" data-elementor-post-type=\"page\">\n\t\t\t\t<div class=\"elementor-element elementor-element-e95113f e-con-full obcs none e-flex e-con e-parent\" data-id=\"e95113f\" data-element_type=\"container\" data-e-type=\"container\" data-settings=\"{&quot;background_background&quot;:&quot;classic&quot;}\">\n\t\t\t\t<div class=\"elementor-element elementor-element-4d3e57f elementor-widget elementor-widget-heading\" data-id=\"4d3e57f\" data-element_type=\"widget\" data-e-type=\"widget\" data-widget_type=\"heading.default\">\n\t\t\t\t<div class=\"elementor-widget-container\">\n\t\t\t\t\t<span class=\"elementor-heading-title elementor-size-default\">Fragen und Antworten zum<\/span>\t\t\t\t<\/div>\n\t\t\t\t<\/div>\n\t\t\t\t<div class=\"elementor-element elementor-element-d7ef2ce elementor-widget elementor-widget-heading\" data-id=\"d7ef2ce\" data-element_type=\"widget\" data-e-type=\"widget\" data-widget_type=\"heading.default\">\n\t\t\t\t<div class=\"elementor-widget-container\">\n\t\t\t\t\t<h1 class=\"elementor-heading-title elementor-size-default\">Treuepass des Institut AllergoSan<\/h1>\t\t\t\t<\/div>\n\t\t\t\t<\/div>\n\t\t\t\t<\/div>\n\t\t<div class=\"elementor-element elementor-element-01ba287 obcs none e-flex e-con-boxed e-con e-parent\" data-id=\"01ba287\" data-element_type=\"container\" data-e-type=\"container\">\n\t\t\t\t\t<div class=\"e-con-inner\">\n\t\t\t\t<div class=\"elementor-element elementor-element-d4780fe elementor-toc--minimized-on-tablet elementor-widget elementor-widget-table-of-contents\" data-id=\"d4780fe\" data-element_type=\"widget\" data-e-type=\"widget\" data-settings=\"{&quot;headings_by_tags&quot;:[&quot;h2&quot;,&quot;h4&quot;],&quot;exclude_headings_by_selector&quot;:[],&quot;marker_view&quot;:&quot;bullets&quot;,&quot;no_headings_message&quot;:&quot;No headings were found on this page.&quot;,&quot;icon&quot;:{&quot;value&quot;:&quot;fas fa-circle&quot;,&quot;library&quot;:&quot;fa-solid&quot;,&quot;rendered_tag&quot;:&quot;&lt;svg class=\\&quot;e-font-icon-svg e-fas-circle\\&quot; viewBox=\\&quot;0 0 512 512\\&quot; xmlns=\\&quot;http:\\\/\\\/www.w3.org\\\/2000\\\/svg\\&quot;&gt;&lt;path d=\\&quot;M256 8C119 8 8 119 8 256s111 248 248 248 248-111 248-248S393 8 256 8z\\&quot;&gt;&lt;\\\/path&gt;&lt;\\\/svg&gt;&quot;},&quot;minimize_box&quot;:&quot;yes&quot;,&quot;minimized_on&quot;:&quot;tablet&quot;,&quot;hierarchical_view&quot;:&quot;yes&quot;,&quot;min_height&quot;:{&quot;unit&quot;:&quot;px&quot;,&quot;size&quot;:&quot;&quot;,&quot;sizes&quot;:[]},&quot;min_height_tablet&quot;:{&quot;unit&quot;:&quot;px&quot;,&quot;size&quot;:&quot;&quot;,&quot;sizes&quot;:[]},&quot;min_height_mobile&quot;:{&quot;unit&quot;:&quot;px&quot;,&quot;size&quot;:&quot;&quot;,&quot;sizes&quot;:[]}}\" data-widget_type=\"table-of-contents.default\">\n\t\t\t\t<div class=\"elementor-widget-container\">\n\t\t\t\t\t\t\t\t\t<div class=\"elementor-toc__header\">\n\t\t\t\t\t\t<h4 class=\"elementor-toc__header-title\">\n\t\t\t\t\u00dcbersicht\t\t\t<\/h4>\n\t\t\t\t\t\t\t\t\t\t<div class=\"elementor-toc__toggle-button elementor-toc__toggle-button--expand\" role=\"button\" tabindex=\"0\" aria-controls=\"elementor-toc__d4780fe\" aria-expanded=\"true\" aria-label=\"Inhaltsverzeichnis \u00f6ffnen\"><svg aria-hidden=\"true\" class=\"e-font-icon-svg e-fas-chevron-down\" viewBox=\"0 0 448 512\" xmlns=\"http:\/\/www.w3.org\/2000\/svg\"><path d=\"M207.029 381.476L12.686 187.132c-9.373-9.373-9.373-24.569 0-33.941l22.667-22.667c9.357-9.357 24.522-9.375 33.901-.04L224 284.505l154.745-154.021c9.379-9.335 24.544-9.317 33.901.04l22.667 22.667c9.373 9.373 9.373 24.569 0 33.941L240.971 381.476c-9.373 9.372-24.569 9.372-33.942 0z\"><\/path><\/svg><\/div>\n\t\t\t\t<div class=\"elementor-toc__toggle-button elementor-toc__toggle-button--collapse\" role=\"button\" tabindex=\"0\" aria-controls=\"elementor-toc__d4780fe\" aria-expanded=\"true\" aria-label=\"Inhaltsverzeichnis schlie\u00dfen\"><svg aria-hidden=\"true\" class=\"e-font-icon-svg e-fas-chevron-up\" viewBox=\"0 0 448 512\" xmlns=\"http:\/\/www.w3.org\/2000\/svg\"><path d=\"M240.971 130.524l194.343 194.343c9.373 9.373 9.373 24.569 0 33.941l-22.667 22.667c-9.357 9.357-24.522 9.375-33.901.04L224 227.495 69.255 381.516c-9.379 9.335-24.544 9.317-33.901-.04l-22.667-22.667c-9.373-9.373-9.373-24.569 0-33.941L207.03 130.525c9.372-9.373 24.568-9.373 33.941-.001z\"><\/path><\/svg><\/div>\n\t\t\t\t\t<\/div>\n\t\t\t\t<div id=\"elementor-toc__d4780fe\" class=\"elementor-toc__body\">\n\t\t\t<div class=\"elementor-toc__spinner-container\">\n\t\t\t\t<svg class=\"elementor-toc__spinner eicon-animation-spin e-font-icon-svg e-eicon-loading\" aria-hidden=\"true\" viewBox=\"0 0 1000 1000\" xmlns=\"http:\/\/www.w3.org\/2000\/svg\"><path d=\"M500 975V858C696 858 858 696 858 500S696 142 500 142 142 304 142 500H25C25 237 238 25 500 25S975 237 975 500 763 975 500 975Z\"><\/path><\/svg>\t\t\t<\/div>\n\t\t<\/div>\n\t\t\t\t\t\t<\/div>\n\t\t\t\t<\/div>\n\t\t\t\t\t<\/div>\n\t\t\t\t<\/div>\n\t\t<div class=\"elementor-element elementor-element-94c2fa8 obcs none e-flex e-con-boxed e-con e-parent\" data-id=\"94c2fa8\" data-element_type=\"container\" data-e-type=\"container\">\n\t\t\t\t\t<div class=\"e-con-inner\">\n\t\t\t\t<div class=\"elementor-element elementor-element-9d1e7c2 elementor-widget elementor-widget-heading\" data-id=\"9d1e7c2\" data-element_type=\"widget\" data-e-type=\"widget\" data-widget_type=\"heading.default\">\n\t\t\t\t<div class=\"elementor-widget-container\">\n\t\t\t\t\t<h2 class=\"elementor-heading-title elementor-size-default\"><b>Was ist der AllergoSan-Treuepass?<\/b><\/h2>\t\t\t\t<\/div>\n\t\t\t\t<\/div>\n\t\t\t\t<div class=\"elementor-element elementor-element-d033ebd elementor-widget elementor-widget-text-editor\" data-id=\"d033ebd\" data-element_type=\"widget\" data-e-type=\"widget\" data-widget_type=\"text-editor.default\">\n\t\t\t\t<div class=\"elementor-widget-container\">\n\t\t\t\t\t\t\t\t\t<p>Mit unserem Treuepass m\u00f6chten wir uns bei Ihnen als treue Kunden bedanken. Jedes Mal, wenn Sie OMNi-BiOTiC\u00ae-, OMNi-LOGiC\u00ae-, META-CARE\u00ae-, Caricol\u00ae-Produkte oder MikroSan in einer station\u00e4ren Apotheke Ihrer Wahl kaufen, sammeln Sie wertvolle Punkte, die Sie dann gegen Ihr Lieblingsprodukt eintauschen k\u00f6nnen \u2013 absolut kostenfrei!<\/p>\t\t\t\t\t\t\t\t<\/div>\n\t\t\t\t<\/div>\n\t\t\t\t<div class=\"elementor-element elementor-element-aa083ba elementor-widget elementor-widget-heading\" data-id=\"aa083ba\" data-element_type=\"widget\" data-e-type=\"widget\" data-widget_type=\"heading.default\">\n\t\t\t\t<div class=\"elementor-widget-container\">\n\t\t\t\t\t<h2 class=\"elementor-heading-title elementor-size-default\"><b>Wo bekomme ich meinen AllergoSan-Treuepass?<\/b><\/h2>\t\t\t\t<\/div>\n\t\t\t\t<\/div>\n\t\t\t\t<div class=\"elementor-element elementor-element-bee2529 elementor-widget elementor-widget-text-editor\" data-id=\"bee2529\" data-element_type=\"widget\" data-e-type=\"widget\" data-widget_type=\"text-editor.default\">\n\t\t\t\t<div class=\"elementor-widget-container\">\n\t\t\t\t\t\t\t\t\t<p>Ihren Treuepass erhalten Sie in Ihrer station\u00e4ren Apotheke. Au\u00dferdem k\u00f6nnen Sie Ihren Treuepass auch hier ganz einfach downloaden und selbst ausdrucken.<\/p>\t\t\t\t\t\t\t\t<\/div>\n\t\t\t\t<\/div>\n\t\t<div class=\"elementor-element elementor-element-8aa18d9 e-con-full obcs none e-flex e-con e-child\" data-id=\"8aa18d9\" data-element_type=\"container\" data-e-type=\"container\">\n\t\t\t\t<div class=\"elementor-element elementor-element-c5e2387 elementor-align-center elementor-tablet-align-left elementor-widget elementor-widget-button\" data-id=\"c5e2387\" data-element_type=\"widget\" data-e-type=\"widget\" data-widget_type=\"button.default\">\n\t\t\t\t<div class=\"elementor-widget-container\">\n\t\t\t\t\t\t\t\t\t<div class=\"elementor-button-wrapper\">\n\t\t\t\t\t<a class=\"elementor-button elementor-button-link elementor-size-sm\" href=\"https:\/\/www.allergosan.com\/wp-content\/uploads\/2023\/07\/20230615-institut-allergosan-treuepass.pdf\" target=\"_blank\" rel=\"noopener\">\n\t\t\t\t\t\t<span class=\"elementor-button-content-wrapper\">\n\t\t\t\t\t\t\t\t\t<span class=\"elementor-button-text\">Treuepass downloaden<\/span>\n\t\t\t\t\t<\/span>\n\t\t\t\t\t<\/a>\n\t\t\t\t<\/div>\n\t\t\t\t\t\t\t\t<\/div>\n\t\t\t\t<\/div>\n\t\t\t\t<\/div>\n\t\t\t\t<div class=\"elementor-element elementor-element-4929413 elementor-widget elementor-widget-text-editor\" data-id=\"4929413\" data-element_type=\"widget\" data-e-type=\"widget\" data-widget_type=\"text-editor.default\">\n\t\t\t\t<div class=\"elementor-widget-container\">\n\t\t\t\t\t\t\t\t\t<p>Sollten Sie keine M\u00f6glichkeit haben, den Treuepass auszudrucken, k\u00f6nnen Sie diesen auch direkt beim Institut AllergoSan anfordern (\u00fcber das\u00a0<a href=\"https:\/\/www.allergosan.com\/at\/kontakt\/\" target=\"_blank\" rel=\"noopener\">Kontaktformular<\/a>\u00a0auf der Website oder per E-Mail an\u00a0<a href=\"mailto:info@allergosan.at\">info@allergosan.at<\/a>\u00a0\u2013 der Treuepass wird Ihnen dann per Post zugesendet).\u00a0<strong>Dieses Service ist f\u00fcr Kunden in \u00d6sterreich und Deutschland verf\u00fcgbar.<\/strong><\/p>\t\t\t\t\t\t\t\t<\/div>\n\t\t\t\t<\/div>\n\t\t\t\t<div class=\"elementor-element elementor-element-a883ebe elementor-widget elementor-widget-heading\" data-id=\"a883ebe\" data-element_type=\"widget\" data-e-type=\"widget\" data-widget_type=\"heading.default\">\n\t\t\t\t<div class=\"elementor-widget-container\">\n\t\t\t\t\t<h2 class=\"elementor-heading-title elementor-size-default\"><b>Wie sammle ich Punkte?<\/b><\/h2>\t\t\t\t<\/div>\n\t\t\t\t<\/div>\n\t\t\t\t<div class=\"elementor-element elementor-element-fdc52d1 elementor-widget elementor-widget-text-editor\" data-id=\"fdc52d1\" data-element_type=\"widget\" data-e-type=\"widget\" data-widget_type=\"text-editor.default\">\n\t\t\t\t<div class=\"elementor-widget-container\">\n\t\t\t\t\t\t\t\t\t<p>Sie sammeln Treuepunkte bei jedem Einkauf von OMNi-BiOTiC\u00ae-, OMNi-LOGiC\u00ae-, META-CARE\u00ae-, Caricol\u00ae-Produkten oder MikroSan in einer station\u00e4ren Apotheke. Die Treuepunkte befinden sich an einer der beiden inneren Laschen jedes Produktes oder sind auf einem abl\u00f6sbaren Etikett an der Au\u00dfenverpackung angebracht. Direkt beim Einkauf lassen Sie die Lasche von der Packung abtrennen und in Ihren AllergoSan-Treuepass einkleben (oder einheften) bzw. kleben das Etikett mit den Treuepunkten ein. Ihre station\u00e4re Apotheke versieht die eingeklebten Treuepunkte dann mit dem Apotheken-Stempel und best\u00e4tigt so den Kauf vor Ort.<\/p><p><strong>Bitte beachten Sie<\/strong>, dass Treuepunkte von Produkten aus Online-Apotheken\u00a0<strong>nicht ber\u00fccksichtigt<\/strong>\u00a0werden k\u00f6nnen, da das Institut AllergoSan mit dem Treuepass die wertvolle Beratungsleistung der Vor-Ort-Apotheken f\u00fcr Sie als Kunden unterst\u00fctzen m\u00f6chte.<\/p>\t\t\t\t\t\t\t\t<\/div>\n\t\t\t\t<\/div>\n\t\t\t\t<div class=\"elementor-element elementor-element-8ad7660 elementor-widget elementor-widget-heading\" data-id=\"8ad7660\" data-element_type=\"widget\" data-e-type=\"widget\" data-widget_type=\"heading.default\">\n\t\t\t\t<div class=\"elementor-widget-container\">\n\t\t\t\t\t<h2 class=\"elementor-heading-title elementor-size-default\"><b>Wie kann ich meine Punkte einl\u00f6sen?<\/b><\/h2>\t\t\t\t<\/div>\n\t\t\t\t<\/div>\n\t\t\t\t<div class=\"elementor-element elementor-element-5177513 elementor-widget elementor-widget-text-editor\" data-id=\"5177513\" data-element_type=\"widget\" data-e-type=\"widget\" data-widget_type=\"text-editor.default\">\n\t\t\t\t<div class=\"elementor-widget-container\">\n\t\t\t\t\t\t\t\t\t<p>Sobald die Punkte von sechs (6) Produkten eingeklebt und diese mit dem\u00a0<strong>Stempel<\/strong>\u00a0Ihrer\u00a0<strong>station\u00e4ren<\/strong>\u00a0<strong>Apotheke<\/strong>\u00a0versehen sind, ist Ihr Treuepass vollst\u00e4ndig.<\/p><p>In Ihrer Apotheke k\u00f6nnen Sie dann basierend auf dem Durchschnittswert der gesammelten Punkte ein kostenfreies Produkt ausw\u00e4hlen.<\/p><p>In Ausnahmef\u00e4llen nehmen Apotheken nicht an der Treuepass-Aktion teil \u2013 in diesem Fall erhalten Sie Ihr Gratis-Produkt direkt bei uns. Schicken Sie dazu Ihren<strong>\u00a0vollst\u00e4ndig ausgef\u00fcllten Treuepass inkl. Stempel der station\u00e4ren Apotheke<\/strong>\u00a0mit der Angabe Ihres Wunschprodukts\u00a0<strong>ausschlie\u00dflich<\/strong>\u00a0<strong>per Post an das Institut AllergoSan.<\/strong><\/p><p class=\"p1\"><strong><span class=\"s1\">Adresse \u00d6sterreich<\/span><\/strong><span class=\"s2\">: Institut AllergoSan Pharmazeutische Produkte Forschungs- und Vertriebs GmbH, Gmeinstra\u00dfe 13, 8055 Graz, \u00d6sterreich<br \/><\/span><strong><span class=\"s1\">Adresse Deutschland<\/span><\/strong><span class=\"s2\">: Institut AllergoSan Deutschland (privat) GmbH, N\u00f6rdliche M\u00fcnchner Stra\u00dfe 47, 82031 Gr\u00fcnwald, Deutschland<\/span><\/p><p>* inkl. der eingeklebten Punkte von sechs (6) Produkten, die jeweils mit dem Stempel einer station\u00e4ren Apotheken versehen sind.<\/p>\t\t\t\t\t\t\t\t<\/div>\n\t\t\t\t<\/div>\n\t\t\t\t<div class=\"elementor-element elementor-element-e1cb886 elementor-widget elementor-widget-heading\" data-id=\"e1cb886\" data-element_type=\"widget\" data-e-type=\"widget\" data-widget_type=\"heading.default\">\n\t\t\t\t<div class=\"elementor-widget-container\">\n\t\t\t\t\t<h2 class=\"elementor-heading-title elementor-size-default\"><b>Worauf ist beim Bef\u00fcllen und Einl\u00f6sen des Treuepasses zu achten?<\/b><\/h2>\t\t\t\t<\/div>\n\t\t\t\t<\/div>\n\t\t\t\t<div class=\"elementor-element elementor-element-c52bf51 elementor-widget elementor-widget-text-editor\" data-id=\"c52bf51\" data-element_type=\"widget\" data-e-type=\"widget\" data-widget_type=\"text-editor.default\">\n\t\t\t\t<div class=\"elementor-widget-container\">\n\t\t\t\t\t\t\t\t\t<p>Um Ihr kostenloses Produkt als Dank f\u00fcr Ihre Treue zu erhalten, bef\u00fcllen Sie Ihren Treuepass bitte vollst\u00e4ndig. Das bedeutet: auf jedem der sechs Treuepunktfelder befindet sich eine Treuepunkt-Lasche (eingeklebt oder eingeheftet), die mit einem Apothekenstempel versehen ist.<\/p><p>Beim Einl\u00f6sen (gleich ob in der Apotheke oder beim Institut AllergoSan) gegen Ihr gew\u00fcnschtes Gratis-Produkt, f\u00fcllen Sie bitte au\u00dferdem die R\u00fcckseite des Treuepasses aus:<\/p><ul><li>Angabe des in der station\u00e4ren Apotheke erhaltenen oder des vom Institut AllergoSan gew\u00fcnschten kostenlosen Produktes inkl. Packungsgr\u00f6\u00dfe (z. B. Produkt = OMNi-BiOTiC\u00ae 6; Packungsgr\u00f6\u00dfe = 60 g).<\/li><li>Vollst\u00e4ndige Angabe Ihrer Kontaktdaten.<\/li><li>Zustimmung zur Verarbeitung Ihrer Daten durch das Institut AllergoSan (diese Zustimmung k\u00f6nnen Sie jederzeit widerrufen; Details dazu finden Sie unter www.allergosan.at\/datenschutz).<\/li><li><strong>Optional:<\/strong>\u00a0Zustimmung zur Verwendung Ihrer Daten zur Zusendung von Informationen f\u00fcr ein gesundes Leben (diese Zustimmung k\u00f6nnen Sie jederzeit widerrufen).<\/li><li>Datum (des Einl\u00f6sens in der Apotheke oder des Absendens des Treuepasses an das Institut AllergoSan) und Ihre Unterschrift.<\/li><\/ul><p><strong>Wir w\u00fcnschen Ihnen beim Punkte-Sammeln ein gutes \u201eBauchgef\u00fchl\u201c.<\/strong><\/p>\t\t\t\t\t\t\t\t<\/div>\n\t\t\t\t<\/div>\n\t\t\t\t<div class=\"elementor-element elementor-element-9730fc3 elementor-widget elementor-widget-heading\" data-id=\"9730fc3\" data-element_type=\"widget\" data-e-type=\"widget\" data-widget_type=\"heading.default\">\n\t\t\t\t<div class=\"elementor-widget-container\">\n\t\t\t\t\t<span class=\"elementor-heading-title elementor-size-default\"><b>Unser Service f\u00fcr Sie:<\/b><\/span>\t\t\t\t<\/div>\n\t\t\t\t<\/div>\n\t\t\t\t<div class=\"elementor-element elementor-element-9e46f7a elementor-widget elementor-widget-text-editor\" data-id=\"9e46f7a\" data-element_type=\"widget\" data-e-type=\"widget\" data-widget_type=\"text-editor.default\">\n\t\t\t\t<div class=\"elementor-widget-container\">\n\t\t\t\t\t\t\t\t\t<p>Gerne stellen wir Ihnen unsere aktuelle \u00dcbersicht \u00fcber die Treuepunkte je Produkt hier zum Download zur Verf\u00fcgung.<\/p>\t\t\t\t\t\t\t\t<\/div>\n\t\t\t\t<\/div>\n\t\t<div class=\"elementor-element elementor-element-03e37a5 e-con-full obcs none e-flex e-con e-child\" data-id=\"03e37a5\" data-element_type=\"container\" data-e-type=\"container\">\n\t\t\t\t<div class=\"elementor-element elementor-element-b040ce5 elementor-align-center elementor-tablet-align-left elementor-widget elementor-widget-button\" data-id=\"b040ce5\" data-element_type=\"widget\" data-e-type=\"widget\" data-widget_type=\"button.default\">\n\t\t\t\t<div class=\"elementor-widget-container\">\n\t\t\t\t\t\t\t\t\t<div class=\"elementor-button-wrapper\">\n\t\t\t\t\t<a class=\"elementor-button elementor-button-link elementor-size-sm\" href=\"https:\/\/www.allergosan.com\/wp-content\/uploads\/2025\/04\/20250319-ia-treuepass-punkteliste-apotheke-a4-at-web.pdf\" target=\"_blank\" rel=\"noopener\">\n\t\t\t\t\t\t<span class=\"elementor-button-content-wrapper\">\n\t\t\t\t\t\t\t\t\t<span class=\"elementor-button-text\">Treuepunkte \u00dcbersicht Stand April 2025<\/span>\n\t\t\t\t\t<\/span>\n\t\t\t\t\t<\/a>\n\t\t\t\t<\/div>\n\t\t\t\t\t\t\t\t<\/div>\n\t\t\t\t<\/div>\n\t\t\t\t<\/div>\n\t\t\t\t<div class=\"elementor-element elementor-element-418f2a5 elementor-widget elementor-widget-text-editor\" data-id=\"418f2a5\" data-element_type=\"widget\" data-e-type=\"widget\" data-widget_type=\"text-editor.default\">\n\t\t\t\t<div class=\"elementor-widget-container\">\n\t\t\t\t\t\t\t\t\t<p>Sollten Sie noch Fragen haben, k\u00f6nnen Sie uns jederzeit gerne\u00a0<a href=\"https:\/\/www.allergosan.com\/at\/kontakt\/\" target=\"_blank\" rel=\"noopener\">kontaktieren<\/a>!<\/p>\t\t\t\t\t\t\t\t<\/div>\n\t\t\t\t<\/div>\n\t\t\t\t\t<\/div>\n\t\t\t\t<\/div>\n\t\t\t\t<\/div>\n\t\t","protected":false},"excerpt":{"rendered":"<p>Fragen und Antworten zum Treuepass des Institut AllergoSan \u00dcbersicht Was ist der AllergoSan-Treuepass? Mit unserem Treuepass m\u00f6chten wir uns bei Ihnen als treue Kunden bedanken. Jedes Mal, wenn Sie OMNi-BiOTiC\u00ae-, OMNi-LOGiC\u00ae-, META-CARE\u00ae-, Caricol\u00ae-Produkte oder MikroSan in einer station\u00e4ren Apotheke Ihrer Wahl kaufen, sammeln Sie wertvolle Punkte, die Sie dann gegen Ihr Lieblingsprodukt eintauschen k\u00f6nnen \u2013 [&hellip;]<\/p>\n","protected":false},"author":2,"featured_media":0,"parent":0,"menu_order":0,"comment_status":"closed","ping_status":"closed","template":"","meta":{"_acf_changed":false,"footnotes":""},"class_list":["post-452","page","type-page","status-publish","hentry"],"acf":[],"_links":{"self":[{"href":"https:\/\/presse.allergosan.com\/de-de\/wp-json\/wp\/v2\/pages\/452","targetHints":{"allow":["GET"]}}],"collection":[{"href":"https:\/\/presse.allergosan.com\/de-de\/wp-json\/wp\/v2\/pages"}],"about":[{"href":"https:\/\/presse.allergosan.com\/de-de\/wp-json\/wp\/v2\/types\/page"}],"author":[{"embeddable":true,"href":"https:\/\/presse.allergosan.com\/de-de\/wp-json\/wp\/v2\/users\/2"}],"replies":[{"embeddable":true,"href":"https:\/\/presse.allergosan.com\/de-de\/wp-json\/wp\/v2\/comments?post=452"}],"version-history":[{"count":7,"href":"https:\/\/presse.allergosan.com\/de-de\/wp-json\/wp\/v2\/pages\/452\/revisions"}],"predecessor-version":[{"id":4059,"href":"https:\/\/presse.allergosan.com\/de-de\/wp-json\/wp\/v2\/pages\/452\/revisions\/4059"}],"wp:attachment":[{"href":"https:\/\/presse.allergosan.com\/de-de\/wp-json\/wp\/v2\/media?parent=452"}],"curies":[{"name":"wp","href":"https:\/\/api.w.org\/{rel}","templated":true}]}}